{"id":2,"date":"2016-05-10T03:48:21","date_gmt":"2016-05-10T03:48:21","guid":{"rendered":"http:\/\/wp452m.a10-52-158-154.qa.plesk.ru\/wordpress\/?page_id=2"},"modified":"2020-08-31T14:09:27","modified_gmt":"2020-08-31T14:09:27","slug":"sample-page","status":"publish","type":"page","link":"https:\/\/svenkunze.com\/?page_id=2","title":{"rendered":"Lebenslauf"},"content":{"rendered":"<table style=\"height: 337px; border-color: #403f3f; background-color: #ffffff;\" border=\"1\" width=\"529\" cellspacing=\"0,5\">\n<tbody>\n<tr>\n<td colspan=\"4\">\n<h2><strong>Pers\u00f6nliche Daten<\/strong><\/h2>\n<\/td>\n<\/tr>\n<tr>\n<td style=\"width: 5px;\" rowspan=\"3\"><\/td>\n<td style=\"width: 145px;\">Name<\/td>\n<td>Sven Kunze<\/td>\n<td style=\"width: 5px;\" rowspan=\"3\"><\/td>\n<\/tr>\n<tr>\n<td>Geburtsdatum<\/td>\n<td>17.03.1986<\/td>\n<\/tr>\n<tr>\n<td>Geburtsort<\/td>\n<td>Wolfen<\/td>\n<\/tr>\n<tr>\n<td colspan=\"4\">\n<h2><strong>Werdegang<\/strong><\/h2>\n<\/td>\n<\/tr>\n<tr>\n<td rowspan=\"7\"><\/td>\n<td style=\"width: 40px;\">01\/2014 &#8211; heute<\/td>\n<td>Angestellter als Fachinformatiker Systemintegration bei der Gustav Daiber GmbH in Albstadt &#8211; IT-, System integration and Process Manager &#8211; Datenschutzkoordinator<\/td>\n<td rowspan=\"7\"><\/td>\n<\/tr>\n<tr>\n<td>02\/2013 &#8211; 12\/2013<\/td>\n<td>Angestellter als Fachinformatiker Systemintegration bei der primion Technology AG in Stetten a.k.M.<\/td>\n<\/tr>\n<tr>\n<td>06\/2010 &#8211; 01\/2013<\/td>\n<td>Ausbildung zum Fachinformatiker Systemintegration und zus\u00e4tzliche Lehrg\u00e4nge bei der KnowWare Engineering GmbH in Balingen<\/td>\n<\/tr>\n<tr>\n<td>07\/2006 &#8211; 06\/2010<\/td>\n<td>Soldat auf Zeit bei der Bundeswehr in Stetten a.k.M.. zwei Jahre davon im IT-Bereich. Zus\u00e4tzliche Lehrg\u00e4nge im Bereich Administration Windows Server 2003\/2008 und Windows Scripting<\/td>\n<\/tr>\n<tr>\n<td>07\/2003 &#8211; 06\/2006<\/td>\n<td>Verk\u00fcrzte Ausbildung zum Verfahrensmechaniker f\u00fcr Kunststoff- und Kautschuktechnik bei der Orbita Film GmbH in Wei\u00dfand-G\u00f6lzau. Anschlie\u00dfend f\u00fcnf Monate Facharbeiter in diesem Beruf<\/td>\n<\/tr>\n<tr>\n<td>07\/2002 \u2013 06\/2003<\/td>\n<td>Berufsgrundjahr in Bitterfeld<\/td>\n<\/tr>\n<tr>\n<td>Bis 2002<\/td>\n<td>erweiterter Realschulabschluss der 10. Klasse in Wolfen<\/td>\n<\/tr>\n<tr>\n<td colspan=\"4\">\n<h2><strong>Sprachen<\/strong><\/h2>\n<\/td>\n<\/tr>\n<tr>\n<td rowspan=\"3\"><\/td>\n<td>Deutsch<\/td>\n<td>Muttersprache<\/td>\n<td rowspan=\"3\"><\/td>\n<\/tr>\n<tr>\n<td>Englisch<\/td>\n<td>Sechs Jahre Schule + Berufskenntnisse<\/td>\n<\/tr>\n<tr>\n<td>Franz\u00f6sisch<\/td>\n<td>Vier Jahre Schulkenntnisse<\/td>\n<\/tr>\n<tr>\n<td colspan=\"4\">\n<h2><strong>Weiterbildungen mit Zertifikaten oder Teilnahmebest\u00e4tigungen<\/strong><\/h2>\n<\/td>\n<\/tr>\n<tr>\n<td rowspan=\"10\"><\/td>\n<td colspan=\"2\">Konfigurieren, Verwalten und Warten von Windows Server 2008 Servern<\/td>\n<td rowspan=\"10\"><\/td>\n<\/tr>\n<tr>\n<td colspan=\"2\">Windows Server 2003 Administration &#8211; Grundlagen sowie Fortgeschritten<\/td>\n<\/tr>\n<tr>\n<td colspan=\"2\">Grundlagen Netzwerktechnik<\/td>\n<\/tr>\n<tr>\n<td colspan=\"2\">Grundlagen der Programmierung (VBS, C++)<\/td>\n<\/tr>\n<tr>\n<td colspan=\"2\">baramundi Softwareverteilung<\/td>\n<\/tr>\n<tr>\n<td colspan=\"2\">Windows Scripting Host Essential<\/td>\n<\/tr>\n<tr>\n<td colspan=\"2\">IDCL\/ECDL Computerf\u00fchrerschein<\/td>\n<\/tr>\n<tr>\n<td colspan=\"2\">MS BI und Reporting Services<\/td>\n<\/tr>\n<tr>\n<td colspan=\"2\">baramundi Partner Schulung<\/td>\n<\/tr>\n<tr>\n<td colspan=\"2\">SAP ERP Logistik und Grundlagenseminar SAP R\/3<\/td>\n<\/tr>\n<tr>\n<td colspan=\"4\"><\/td>\n<\/tr>\n<\/tbody>\n<\/table>\n<p><\/p>\n","protected":false},"excerpt":{"rendered":"<p>Pers\u00f6nliche Daten Name Sven Kunze Geburtsdatum 17.03.1986 Geburtsort Wolfen Werdegang 01\/2014 &#8211; heute Angestellter als Fachinformatiker Systemintegration bei der Gustav Daiber GmbH in Albstadt &#8211; IT-, System integration and Process <span class=\"readmore\"><a href=\"https:\/\/svenkunze.com\/?page_id=2\">Weiterlesen\u00a0\u2026<\/a><\/span><\/p>\n","protected":false},"author":1,"featured_media":0,"parent":0,"menu_order":1,"comment_status":"closed","ping_status":"closed","template":"","meta":{"_acf_changed":false,"footnotes":""},"class_list":["post-2","page","type-page","status-publish","hentry"],"acf":[],"_links":{"self":[{"href":"https:\/\/svenkunze.com\/index.php?rest_route=\/wp\/v2\/pages\/2","targetHints":{"allow":["GET"]}}],"collection":[{"href":"https:\/\/svenkunze.com\/index.php?rest_route=\/wp\/v2\/pages"}],"about":[{"href":"https:\/\/svenkunze.com\/index.php?rest_route=\/wp\/v2\/types\/page"}],"author":[{"embeddable":true,"href":"https:\/\/svenkunze.com\/index.php?rest_route=\/wp\/v2\/users\/1"}],"replies":[{"embeddable":true,"href":"https:\/\/svenkunze.com\/index.php?rest_route=%2Fwp%2Fv2%2Fcomments&post=2"}],"version-history":[{"count":32,"href":"https:\/\/svenkunze.com\/index.php?rest_route=\/wp\/v2\/pages\/2\/revisions"}],"predecessor-version":[{"id":253,"href":"https:\/\/svenkunze.com\/index.php?rest_route=\/wp\/v2\/pages\/2\/revisions\/253"}],"wp:attachment":[{"href":"https:\/\/svenkunze.com\/index.php?rest_route=%2Fwp%2Fv2%2Fmedia&parent=2"}],"curies":[{"name":"wp","href":"https:\/\/api.w.org\/{rel}","templated":true}]}}