{"id":15,"date":"2017-01-17T15:00:43","date_gmt":"2017-01-17T15:00:43","guid":{"rendered":"http:\/\/svenkunze.com\/?page_id=15"},"modified":"2020-08-31T14:27:23","modified_gmt":"2020-08-31T14:27:23","slug":"erfahrungen","status":"publish","type":"page","link":"https:\/\/svenkunze.com\/?page_id=15","title":{"rendered":"Erfahrungen"},"content":{"rendered":"<p><span style=\"color: #000000;\">Mein Aufgabenspektrum hat sich in den letzten Jahren stets vergr\u00f6\u00dfert und ist sehr umfangreich geworden. Demzufolge begrenzt sich mein Wissen nicht nur auf einen bestimmten Bereich. <\/span><\/p>\n<p><span style=\"color: #000000;\">Die anf\u00e4ngliche Arbeit in einem Systemhaus hat mir weitreichende Einblicke und Kenntnisse in der IT-Welt vermittelt. Dar\u00fcber hinaus konnte ich mir im User Helpdesk (First und Second Level Support) ebenso viel Wissen aneignen und wei\u00df mit Menschen umzugehen.<\/span><\/p>\n<p><span style=\"color: #000000;\">Die letzten Jahre lernte ich, IT Projekte selbst\u00e4ndig durchzuf\u00fchren, zu managen und auch mit den verschiedensten Dienstleistern zu koordinieren bzw. zu steuern. Des Weiteren ist mein Aufgabenbereich in meiner jetzigen Firma enorm gewachsen. Zu meinen bisherigen IT-T\u00e4tigkeiten wurde mir zus\u00e4tzlich die Verantwortung zum Analysieren, Planen und Optimieren gesch\u00e4ftsinterner Prozesse parallel zum ERP System \u00fcbertragen. Dies beinhaltet eine Schulung, eine Optimierung der Arbeitsweise oder auch eine Anpassung des ERP System auf die internen Gesch\u00e4ftsprozesse. Es ist sehr interessant, in einer Firma das Gro\u00dfe und Ganze kennen zu lernen, die Prozesse zu verstehen und anhand von ihnen die Systemlandschaft optimal voran zu bringen. Durch den Spa\u00df, den ich in meinem Berufe habe, zeige ich sehr viel Engagement und kann mich demzufolge sehr gut mit meinem Job identifizieren, denn ich arbeite nicht nur in einer Firma, sondern f\u00fcr eine Firma.<br \/>\n<\/span><\/p>\n<p><span style=\"color: #000000;\">Ich bin sehr vertraut mit Microsoft Umgebungen, scheue mich aber nicht, meine Kenntnisse mit MAC und Linux zu erweitern. Des Weiteren besitze ich Erfahrungen im Rollout-Umfeld kompletter Systemumgebungen bei der Planung sowie Durchf\u00fchrung. <\/span><\/p>\n<p><span style=\"color: #000000;\">Zus\u00e4tzlich zu meinen bisher genannten T\u00e4tigkeiten \u00fcbernehme ich die Arbeit des Datenschutzkoordinator in der Firma.<\/span><\/p>\n<p><span style=\"color: #000000;\">Im Folgenden befindet sich eine Auflistung von Software sowie Hardware, die ich bereits kenne. Mit einem Gro\u00dfteil davon arbeite ich t\u00e4glich.<\/span><\/p>\n<table style=\"height: 337px; border-color: #403f3f; background-color: #ffffff;\" border=\"1\" width=\"529\" cellspacing=\"0,5\">\n<tbody>\n<tr style=\"height: 24px;\">\n<td style=\"height: 24px; width: 617px;\" colspan=\"5\"><strong>Software<\/strong><\/td>\n<\/tr>\n<tr style=\"height: 24px;\">\n<td style=\"width: 5px; height: 24px;\"><\/td>\n<td style=\"width: 607px; height: 24px;\" colspan=\"3\">Microsoft<\/td>\n<td style=\"width: 5px; height: 24px;\"><\/td>\n<\/tr>\n<tr style=\"height: 44px;\">\n<td style=\"height: 820px; width: 5px;\" rowspan=\"30\"><\/td>\n<td style=\"width: 40px; height: 424px;\" rowspan=\"16\"><\/td>\n<td style=\"height: 44px; width: 567px;\" colspan=\"2\">Administration, Verwaltung und Konfiguration kompletter Microsoft Server\/Client Infrastrukturen<\/td>\n<td style=\"height: 44px; width: 5px;\"><\/td>\n<\/tr>\n<tr style=\"height: 24px;\">\n<td style=\"height: 24px; width: 567px;\" colspan=\"2\">Windows Server 2000 \/ 2003 \/ 2008R2 \/ 2012R2 \/ 2016 \/ 2019<\/td>\n<td style=\"height: 24px; width: 5px;\"><\/td>\n<\/tr>\n<tr style=\"height: 24px;\">\n<td style=\"height: 24px; width: 567px;\" colspan=\"2\">Messaging (Exchange Server 2003 \/ 2010 \/ 2016 \/ 365)<\/td>\n<td style=\"height: 24px; width: 5px;\"><\/td>\n<\/tr>\n<tr style=\"height: 24px;\">\n<td style=\"height: 24px; width: 567px;\" colspan=\"2\">SQL Server 2003 \/ 2005 \/ 2012 \/ 2014 \/ 2018 \/ 2019<\/td>\n<td style=\"height: 24px; width: 5px;\"><\/td>\n<\/tr>\n<tr style=\"height: 24px;\">\n<td style=\"height: 24px; width: 567px;\" colspan=\"2\">Windows XP \/ Vista \/ 7 \/ 8 \/ 10<\/td>\n<td style=\"height: 24px; width: 5px;\"><\/td>\n<\/tr>\n<tr style=\"height: 24px;\">\n<td style=\"height: 24px; width: 567px;\" colspan=\"2\">Office 2003 \/ 2007 \/ 2010 \/ 2013 \/ 2016 \/ Office 365<\/td>\n<td style=\"height: 24px; width: 5px;\"><\/td>\n<\/tr>\n<tr style=\"height: 24px;\">\n<td style=\"height: 24px; width: 567px;\" colspan=\"2\">Teams\/ Skype<\/td>\n<td style=\"height: 24px; width: 5px;\"><\/td>\n<\/tr>\n<tr style=\"height: 24px;\">\n<td style=\"height: 24px; width: 567px;\" colspan=\"2\">Terminal Server 2003 \/ 2008R2 \/ 2012R2 &#8211; inkl. RemoteApp<\/td>\n<td style=\"height: 24px; width: 5px;\"><\/td>\n<\/tr>\n<tr style=\"height: 24px;\">\n<td style=\"height: 24px; width: 567px;\" colspan=\"2\">Printserver 2008R2 \/ 2012R2<\/td>\n<td style=\"height: 24px; width: 5px;\"><\/td>\n<\/tr>\n<tr style=\"height: 24px;\">\n<td style=\"height: 24px; width: 567px;\" colspan=\"2\">Active Directory<\/td>\n<td style=\"height: 24px; width: 5px;\"><\/td>\n<\/tr>\n<tr style=\"height: 24px;\">\n<td style=\"height: 24px; width: 567px;\" colspan=\"2\">DNS<\/td>\n<td style=\"height: 24px; width: 5px;\"><\/td>\n<\/tr>\n<tr style=\"height: 24px;\">\n<td style=\"height: 24px; width: 567px;\" colspan=\"2\">DHCP<\/td>\n<td style=\"height: 24px; width: 5px;\"><\/td>\n<\/tr>\n<tr style=\"height: 24px;\">\n<td style=\"height: 24px; width: 567px;\" colspan=\"2\">GPO Management<\/td>\n<td style=\"height: 24px; width: 5px;\"><\/td>\n<\/tr>\n<tr style=\"height: 24px;\">\n<td style=\"height: 24px; width: 567px;\" colspan=\"2\">Virtualisierung mit Hyper-V<\/td>\n<td style=\"height: 24px; width: 5px;\"><\/td>\n<\/tr>\n<tr style=\"height: 24px;\">\n<td style=\"height: 24px; width: 567px;\" colspan=\"2\">WSUS<\/td>\n<td style=\"height: 24px; width: 5px;\"><\/td>\n<\/tr>\n<tr style=\"height: 44px;\">\n<td style=\"height: 44px; width: 567px;\" colspan=\"2\">Imaging &#8211; baramundi Management Suite sowie Windows Deployment Servervices (WDS)<\/td>\n<td style=\"height: 44px; width: 5px;\"><\/td>\n<\/tr>\n<tr style=\"height: 24px;\">\n<td style=\"height: 24px; width: 607px;\" colspan=\"3\">VMWare<\/td>\n<td style=\"height: 24px; width: 5px;\"><\/td>\n<\/tr>\n<tr style=\"height: 24px;\">\n<td style=\"height: 68px; width: 40px;\" rowspan=\"2\"><\/td>\n<td style=\"height: 24px; width: 567px;\" colspan=\"2\">Vcenter (Vsphere Client) &#8211; 5 \/ 5.5 \/ 6 \/ 6.5<\/td>\n<td style=\"height: 24px; width: 5px;\"><\/td>\n<\/tr>\n<tr style=\"height: 44px;\">\n<td style=\"height: 44px; width: 567px;\" colspan=\"2\">Verwaltung \/ Administration der Netzwerk und Serverinfrastruktur auf VM-Ware Basis mit ESX Servern<\/td>\n<td style=\"height: 44px; width: 5px;\"><\/td>\n<\/tr>\n<tr style=\"height: 24px;\">\n<td style=\"height: 24px; width: 607px;\" colspan=\"3\">PRTG Traffic Monitor<\/td>\n<td style=\"height: 24px; width: 5px;\"><\/td>\n<\/tr>\n<tr style=\"height: 24px;\">\n<td style=\"height: 24px; width: 607px;\" colspan=\"3\">Backup Management (Veeam, HP Dataprotector, Backup-Exec)<\/td>\n<td style=\"height: 24px; width: 5px;\"><\/td>\n<\/tr>\n<tr style=\"height: 24px;\">\n<td style=\"height: 24px; width: 607px;\" colspan=\"3\">SAP Grundkentnisse im Bereich Logistik und Personalwirtschaft<\/td>\n<td style=\"height: 24px; width: 5px;\"><\/td>\n<\/tr>\n<tr style=\"height: 24px;\">\n<td style=\"height: 24px; width: 607px;\" colspan=\"3\">Mailstore E-Mail Archivierung<\/td>\n<td style=\"height: 24px; width: 5px;\"><\/td>\n<\/tr>\n<tr style=\"height: 44px;\">\n<td style=\"height: 44px; width: 607px;\" colspan=\"3\">baramundi Management Suite (Software-Verteilung \/ OS Deploy \/ Patch Management)<\/td>\n<td style=\"height: 44px; width: 5px;\"><\/td>\n<\/tr>\n<tr style=\"height: 24px;\">\n<td style=\"height: 24px; width: 607px;\" colspan=\"3\">GFI EndpointSecurity<\/td>\n<td style=\"height: 24px; width: 5px;\"><\/td>\n<\/tr>\n<tr style=\"height: 24px;\">\n<td style=\"height: 24px; width: 607px;\" colspan=\"3\">ESTOS ProCall (Version 4 bis aktuell 7)<\/td>\n<td style=\"height: 24px; width: 5px;\"><\/td>\n<\/tr>\n<tr style=\"height: 24px;\">\n<td style=\"height: 24px; width: 607px;\" colspan=\"3\">Aclatel Lucent OMC &#8211; Verwaltung Telefonanlage<\/td>\n<td style=\"height: 24px; width: 5px;\"><\/td>\n<\/tr>\n<tr style=\"height: 24px;\">\n<td style=\"height: 24px; width: 607px;\" colspan=\"3\">Versandsoftware: UPS Wordlship, DHL Easylog, DPD, GLS<\/td>\n<td style=\"height: 24px; width: 5px;\"><\/td>\n<\/tr>\n<tr style=\"height: 24px;\">\n<td style=\"height: 24px; width: 607px;\" colspan=\"3\">IBM Cognos &#8211; BI Reporting<\/td>\n<td style=\"height: 24px; width: 5px;\"><\/td>\n<\/tr>\n<tr style=\"height: 44px;\">\n<td style=\"height: 44px; width: 607px;\" colspan=\"3\">Mobiltelefone mit Betriebssystemen von IOS, Andoid\u00a0 und auch Blackberrys<\/td>\n<td style=\"height: 44px; width: 5px;\"><\/td>\n<\/tr>\n<tr style=\"height: 24px;\">\n<td style=\"width: 5px; height: 24px;\"><\/td>\n<td style=\"width: 607px; height: 24px;\" colspan=\"3\">rechnungsManager<\/td>\n<td style=\"width: 5px; height: 24px;\"><\/td>\n<\/tr>\n<tr style=\"height: 24px;\">\n<td style=\"width: 5px; height: 24px;\"><\/td>\n<td style=\"width: 607px; height: 24px;\" colspan=\"3\">ATOSS &#8211; Zeiterfasung<\/td>\n<td style=\"width: 5px; height: 24px;\"><\/td>\n<\/tr>\n<tr style=\"height: 24px;\">\n<td style=\"width: 5px; height: 24px;\"><\/td>\n<td style=\"width: 607px; height: 24px;\" colspan=\"3\">Diamant 2020<\/td>\n<td style=\"width: 5px; height: 24px;\"><\/td>\n<\/tr>\n<tr style=\"height: 24px;\">\n<td style=\"height: 24px; width: 617px;\" colspan=\"5\">\u00a0<strong>Hardware<\/strong><\/td>\n<\/tr>\n<tr style=\"height: 24px;\">\n<td style=\"height: 260px; width: 5px;\" rowspan=\"10\"><\/td>\n<td style=\"height: 24px; width: 607px;\" colspan=\"3\">\u00a0HP<\/td>\n<td style=\"height: 24px; width: 5px;\"><\/td>\n<\/tr>\n<tr style=\"height: 24px;\">\n<td style=\"height: 72px; width: 40px;\" rowspan=\"3\"><\/td>\n<td style=\"height: 24px; width: 567px;\" colspan=\"2\">Server\/Clients<\/td>\n<td style=\"height: 24px; width: 5px;\"><\/td>\n<\/tr>\n<tr style=\"height: 24px;\">\n<td style=\"height: 24px; width: 567px;\" colspan=\"2\">Switche<\/td>\n<td style=\"height: 24px; width: 5px;\"><\/td>\n<\/tr>\n<tr style=\"height: 24px;\">\n<td style=\"height: 24px; width: 567px;\" colspan=\"2\">Printer<\/td>\n<td style=\"height: 24px; width: 5px;\"><\/td>\n<\/tr>\n<tr style=\"height: 24px;\">\n<td style=\"height: 24px; width: 607px;\" colspan=\"3\">LANCOM<\/td>\n<td style=\"height: 24px; width: 5px;\"><\/td>\n<\/tr>\n<tr style=\"height: 24px;\">\n<td style=\"height: 72px; width: 40px;\" rowspan=\"3\"><\/td>\n<td style=\"height: 24px; width: 567px;\" colspan=\"2\">Router<\/td>\n<td style=\"height: 24px; width: 5px;\"><\/td>\n<\/tr>\n<tr style=\"height: 24px;\">\n<td style=\"height: 24px;\" colspan=\"2\">WLAN Controller<\/td>\n<td style=\"height: 24px; width: 5px;\"><\/td>\n<\/tr>\n<tr style=\"height: 24px;\">\n<td style=\"width: 567px; height: 24px;\" colspan=\"2\">WLAN Access-Point<\/td>\n<td style=\"width: 5px; height: 24px;\"><\/td>\n<\/tr>\n<tr style=\"height: 44px;\">\n<td style=\"height: 44px; width: 607px;\" colspan=\"3\">UTAX &#8211; Printer und UTAX Box zur \u00dcberwachung und zur automatiserten Tonerbestellung<\/td>\n<td style=\"height: 44px; width: 5px;\"><\/td>\n<\/tr>\n<tr style=\"height: 24px;\">\n<td style=\"height: 24px; width: 607px;\" colspan=\"3\">Ruckus<\/td>\n<td style=\"width: 5px; height: 24px;\"><\/td>\n<\/tr>\n<tr style=\"height: 24px;\">\n<td style=\"height: 34px; width: 5px;\" rowspan=\"2\"><\/td>\n<td style=\"height: 34px; width: 40px;\" rowspan=\"2\"><\/td>\n<td style=\"height: 10px; width: 567px;\" colspan=\"2\">WLAN Controller<\/td>\n<td style=\"height: 10px; width: 5px;\"><\/td>\n<\/tr>\n<tr style=\"height: 24px;\">\n<td style=\"height: 24px;\" colspan=\"2\">WLAN Access-Point<\/td>\n<td style=\"height: 24px; width: 5px;\"><\/td>\n<\/tr>\n<tr style=\"height: 24px;\">\n<td style=\"height: 168px;\" rowspan=\"7\"><\/td>\n<td style=\"height: 24px; width: 607px;\" colspan=\"3\">APC &#8211; USV<\/td>\n<td style=\"height: 24px; width: 5px;\"><\/td>\n<\/tr>\n<tr style=\"height: 24px;\">\n<td style=\"height: 24px; width: 607px;\" colspan=\"3\">Sonicwall NSA 3600 im Cluster<\/td>\n<td style=\"height: 24px; width: 5px;\"><\/td>\n<\/tr>\n<tr style=\"height: 24px;\">\n<td style=\"height: 24px; width: 607px;\" colspan=\"3\">IBM Storwize V5000<\/td>\n<td style=\"height: 24px; width: 5px;\"><\/td>\n<\/tr>\n<tr style=\"height: 24px;\">\n<td style=\"height: 24px; width: 607px;\" colspan=\"3\">QNAP Storage<\/td>\n<td style=\"height: 24px; width: 5px;\"><\/td>\n<\/tr>\n<tr style=\"height: 24px;\">\n<td style=\"height: 24px; width: 607px;\" colspan=\"3\">Alcatel Telefonanlage<\/td>\n<td style=\"height: 24px; width: 5px;\"><\/td>\n<\/tr>\n<tr style=\"height: 24px;\">\n<td style=\"height: 24px; width: 607px;\" colspan=\"3\">Watchguard &#8211; Firebox M300 im Cluster<\/td>\n<td style=\"height: 24px; width: 5px;\"><\/td>\n<\/tr>\n<tr style=\"height: 24px;\">\n<td style=\"height: 24px; width: 607px;\" colspan=\"3\">Honeywell Intermec CK3X<\/td>\n<td style=\"height: 24px; width: 5px;\"><\/td>\n<\/tr>\n<tr style=\"height: 24px;\">\n<td style=\"height: 24px; width: 5px;\"><\/td>\n<td style=\"height: 24px; width: 607px;\" colspan=\"3\">Zebra MDE (HTML5 \/ RDP) (MC3300)<\/td>\n<td style=\"height: 24px; width: 5px;\"><\/td>\n<\/tr>\n<tr style=\"height: 24px;\">\n<td style=\"height: 24px; width: 5px;\"><\/td>\n<td style=\"height: 24px; width: 607px;\" colspan=\"3\">Etikettendrucker verschiedenster Hersteller<\/td>\n<td style=\"height: 24px; width: 5px;\"><\/td>\n<\/tr>\n<tr style=\"height: 24px;\">\n<td style=\"height: 24px; width: 617px;\" colspan=\"5\"><\/td>\n<\/tr>\n<\/tbody>\n<\/table>\n<p><\/p>\n","protected":false},"excerpt":{"rendered":"<p>Mein Aufgabenspektrum hat sich in den letzten Jahren stets vergr\u00f6\u00dfert und ist sehr umfangreich geworden. Demzufolge begrenzt sich mein Wissen nicht nur auf einen bestimmten Bereich. Die anf\u00e4ngliche Arbeit in <span class=\"readmore\"><a href=\"https:\/\/svenkunze.com\/?page_id=15\">Weiterlesen\u00a0\u2026<\/a><\/span><\/p>\n","protected":false},"author":1,"featured_media":0,"parent":0,"menu_order":2,"comment_status":"closed","ping_status":"closed","template":"","meta":{"_acf_changed":false,"footnotes":""},"class_list":["post-15","page","type-page","status-publish","hentry"],"acf":[],"_links":{"self":[{"href":"https:\/\/svenkunze.com\/index.php?rest_route=\/wp\/v2\/pages\/15","targetHints":{"allow":["GET"]}}],"collection":[{"href":"https:\/\/svenkunze.com\/index.php?rest_route=\/wp\/v2\/pages"}],"about":[{"href":"https:\/\/svenkunze.com\/index.php?rest_route=\/wp\/v2\/types\/page"}],"author":[{"embeddable":true,"href":"https:\/\/svenkunze.com\/index.php?rest_route=\/wp\/v2\/users\/1"}],"replies":[{"embeddable":true,"href":"https:\/\/svenkunze.com\/index.php?rest_route=%2Fwp%2Fv2%2Fcomments&post=15"}],"version-history":[{"count":51,"href":"https:\/\/svenkunze.com\/index.php?rest_route=\/wp\/v2\/pages\/15\/revisions"}],"predecessor-version":[{"id":263,"href":"https:\/\/svenkunze.com\/index.php?rest_route=\/wp\/v2\/pages\/15\/revisions\/263"}],"wp:attachment":[{"href":"https:\/\/svenkunze.com\/index.php?rest_route=%2Fwp%2Fv2%2Fmedia&parent=15"}],"curies":[{"name":"wp","href":"https:\/\/api.w.org\/{rel}","templated":true}]}}